{"id":169,"date":"2024-09-01T12:36:00","date_gmt":"2024-09-01T12:36:00","guid":{"rendered":"https:\/\/www.primeiptvserver.com\/blog\/?post_type=product&#038;p=169"},"modified":"2025-08-15T12:38:58","modified_gmt":"2025-08-15T12:38:58","slug":"6-aylik-avrupa-iptv","status":"publish","type":"product","link":"https:\/\/www.primeiptvserver.com\/blog\/urun\/6-aylik-avrupa-iptv\/","title":{"rendered":"6 ayl\u0131k avrupa iptv"},"content":{"rendered":"<ul>\n<li><strong>\u00d6deme i\u015fleminizin ard\u0131ndan l\u00fctfen whatsapp \u00fczerinden ileti\u015fime ge\u00e7ip h\u0131zl\u0131 bir \u015fekilde aktivasyonunuzu ger\u00e7ekle\u015ftirebilirsiniz.<\/strong><strong>Whatsapp : +4917627554788<\/strong><\/li>\n<li><strong>SADECE T\u00dcRK\u0130YE\u2019 DEN ER\u0130\u015e\u0130M GER\u00c7EKLE\u015eT\u0130REB\u0130L\u0130RS\u0130N\u0130Z.<\/strong> al\u0131\u015fkanl\u0131klar\u0131n\u0131z\u0131 yeniden d\u00fczenleyin. Televizyon keyfini her yerde ve her zaman ya\u015famak i\u00e7in en ideal se\u00e7enek olacakt\u0131r.<\/li>\n<\/ul>\n","protected":false},"excerpt":{"rendered":"<ul>\n<li><strong>Full Paket \u0130\u00e7erigi,<\/strong><\/li>\n<li><strong>Online Aktivasyon,<\/strong><\/li>\n<li><strong>Kullan\u0131c\u0131 Paneli,<\/strong><\/li>\n<li><strong>Se\u00e7 izle Ar\u015fivi,<\/strong><\/li>\n<li><strong>Web Tv Eklentisi,<\/strong><\/li>\n<li><strong>EPG TV Rehberi<\/strong><\/li>\n<\/ul>\n<div class=\"woocommerce-product-details__short-description\">\n<div class=\"woocommerce-product-details__short-description\">\n<p>&nbsp;<\/p>\n<\/div>\n<\/div>\n","protected":false},"featured_media":164,"comment_status":"open","ping_status":"closed","template":"","meta":{"site-sidebar-layout":"default","site-content-layout":"","ast-site-content-layout":"default","site-content-style":"default","site-sidebar-style":"default","ast-global-header-display":"","ast-banner-title-visibility":"","ast-main-header-display":"","ast-hfb-above-header-display":"","ast-hfb-below-header-display":"","ast-hfb-mobile-header-display":"","site-post-title":"","ast-breadcrumbs-content":"","ast-featured-img":"","footer-sml-layout":"","theme-transparent-header-meta":"default","adv-header-id-meta":"","stick-header-meta":"","header-above-stick-meta":"","header-main-stick-meta":"","header-below-stick-meta":"","astra-migrate-meta-layouts":"set","_joinchat":[]},"product_cat":[134],"product_tag":[27],"class_list":["post-169","product","type-product","status-publish","has-post-thumbnail","hentry","product_cat-avrupa-iptv","product_tag-6-aylik-iptv","desktop-align-left","tablet-align-left","mobile-align-left"],"_links":{"self":[{"href":"https:\/\/www.primeiptvserver.com\/blog\/wp-json\/wp\/v2\/product\/169","targetHints":{"allow":["GET"]}}],"collection":[{"href":"https:\/\/www.primeiptvserver.com\/blog\/wp-json\/wp\/v2\/product"}],"about":[{"href":"https:\/\/www.primeiptvserver.com\/blog\/wp-json\/wp\/v2\/types\/product"}],"replies":[{"embeddable":true,"href":"https:\/\/www.primeiptvserver.com\/blog\/wp-json\/wp\/v2\/comments?post=169"}],"wp:featuredmedia":[{"embeddable":true,"href":"https:\/\/www.primeiptvserver.com\/blog\/wp-json\/wp\/v2\/media\/164"}],"wp:attachment":[{"href":"https:\/\/www.primeiptvserver.com\/blog\/wp-json\/wp\/v2\/media?parent=169"}],"wp:term":[{"taxonomy":"product_cat","embeddable":true,"href":"https:\/\/www.primeiptvserver.com\/blog\/wp-json\/wp\/v2\/product_cat?post=169"},{"taxonomy":"product_tag","embeddable":true,"href":"https:\/\/www.primeiptvserver.com\/blog\/wp-json\/wp\/v2\/product_tag?post=169"}],"curies":[{"name":"wp","href":"https:\/\/api.w.org\/{rel}","templated":true}]}}