{"id":109,"date":"2023-10-06T20:07:23","date_gmt":"2023-10-06T20:07:23","guid":{"rendered":"https:\/\/www.primeiptvserver.com\/blog\/?post_type=product&#038;p=109"},"modified":"2025-08-15T12:41:42","modified_gmt":"2025-08-15T12:41:42","slug":"6-aylik-iptv","status":"publish","type":"product","link":"https:\/\/www.primeiptvserver.com\/blog\/urun\/6-aylik-iptv\/","title":{"rendered":"6 ayl\u0131k iptv"},"content":{"rendered":"<ul>\n<li><strong>\u00d6deme i\u015fleminizin ard\u0131ndan l\u00fctfen whatsapp \u00fczerinden ileti\u015fime ge\u00e7ip h\u0131zl\u0131 bir \u015fekilde aktivasyonunuzu ger\u00e7ekle\u015ftirebilirsiniz.<\/strong><strong>Whatsapp : +4917627554788<\/strong><\/li>\n<li><strong>SADECE T\u00dcRK\u0130YE\u2019 DEN ER\u0130\u015e\u0130M GER\u00c7EKLE\u015eT\u0130REB\u0130L\u0130RS\u0130N\u0130Z.<\/strong><\/li>\n<\/ul>\n<p>&nbsp;<\/p>\n<p>Primeiptvserver.com olarak, e\u011flenceyi yeni boyutlara ta\u015f\u0131mak ve size en iyi i\u00e7erikleri sunmak i\u00e7in \u00e7abal\u0131yoruz. Sa\u011flad\u0131\u011f\u0131m\u0131z 6 ayl\u0131k iptv hizmetimiz, kesintisiz ve y\u00fcksek kaliteli yay\u0131nlarla dolu bir deneyim sunmay\u0131 garanti etmektedir.<\/p>\n<p>Bu hizmet, farkl\u0131 kanallar ve i\u00e7erik se\u00e7enekleriyle, seyir al\u0131\u015fkanl\u0131klar\u0131n\u0131za uygun bir deneyim sa\u011flamay\u0131 ama\u00e7l\u0131yor. Primeiptvserver.com olarak, her ya\u015f ve be\u011feniye hitap eden geni\u015f bir i\u00e7erik yelpazesi sunuyoruz. \u0130lgi alanlar\u0131n\u0131z\u0131 ve tercihlerinizi dikkate alarak haz\u0131rlad\u0131\u011f\u0131m\u0131z i\u00e7erik k\u00fct\u00fcphanemizde, yerel ve uluslararas\u0131 bir\u00e7ok kanala eri\u015fim sa\u011flayabilirsiniz.<\/p>\n<p>Kullan\u0131c\u0131 dostu aray\u00fcz\u00fc ve kolay eri\u015fim \u00f6zellikleri ile \u00f6ne \u00e7\u0131kan <a href=\"https:\/\/www.primeiptvserver.com\/blog\/urun\/6-aylik-iptv\/\">6 ayl\u0131k iptv<\/a> paketimiz, ak\u0131ll\u0131 TV&#8217;ler, tabletler veya ak\u0131ll\u0131 telefonlar \u00fczerinden her an her yerde rahat\u00e7a eri\u015fim imkan\u0131 sunar. Aboneli\u011finizi sat\u0131n ald\u0131ktan hemen sonra yay\u0131n ak\u0131\u015f\u0131na ba\u015flayabilir ve vakit kaybetmeden keyifli anlar ya\u015fayabilirsiniz.<\/p>\n<p>Primeiptvserver.com ile e\u011flenceniz s\u00fcrekli devam etsin! 6 ayl\u0131k iptv hizmetimizle ilgili daha detayl\u0131 bilgi edinmek veya abonelik i\u015flemlerinizi tamamlamak i\u00e7in bizimle irtibata ge\u00e7ebilirsiniz. E\u011flenceyi bir \u00fcst seviyeye ta\u015f\u0131yacak bu f\u0131rsat\u0131 sak\u0131n ka\u00e7\u0131rmay\u0131n!<\/p>\n<p>&nbsp;<\/p>\n<p>6 Ayl\u0131k IPTV hizmetiyle televizyon izleme deneyiminizi ileriye ta\u015f\u0131y\u0131n. Bu harika hizmet sayesinde art\u0131k en sevdi\u011finiz programlara, dizilere ve filmlere diledi\u011finiz zaman ula\u015fabilirsiniz. D\u00fcnyan\u0131n d\u00f6rt bir yan\u0131ndan binlerce kanal, canl\u0131 yay\u0131nlar, \u00f6zel etkinlikler ve daha fazlas\u0131 sizinle olacak. \u0130nternet ba\u011flant\u0131s\u0131n\u0131n oldu\u011fu her yerde televizyon izleme \u00f6zg\u00fcrl\u00fc\u011f\u00fcne sahip olacaks\u0131n\u0131z.<\/p>\n<p>6 Ayl\u0131k iptv hizmeti, televizyon izleme deneyiminizi e\u015fsiz g\u00f6r\u00fcnt\u00fc kalitesiyle tamamen yeniliyor. Ayr\u0131ca, geni\u015f kanal \u00e7e\u015fitlili\u011fiyle her t\u00fcrl\u00fc zevke uygun i\u00e7erikler bulmak olduk\u00e7a kolay. Spor tutkunlar\u0131ndan m\u00fczik severlere, belgesel merakl\u0131lar\u0131ndan \u00e7ocuk programlar\u0131na kadar herkes i\u00e7in bir \u015feyler mevcut. Bu sayede, aileyle ge\u00e7irilen zamanlar daha e\u011flenceli ve keyifli oluyor. Her ya\u015ftan izleyiciye hitap eden bu geni\u015f i\u00e7erik yelpazesi, s\u0131k\u0131lman\u0131za asla izin vermeyecek.<\/p>\n<p>6 Ayl\u0131k iptv hizmeti ile programlar\u0131 ka\u00e7\u0131rma sorununa veda edin! Geriye d\u00f6n\u00fck izleme \u00f6zelli\u011fi sayesinde yay\u0131nlanan programlar\u0131 istedi\u011finiz zaman izleyebilir ve ka\u00e7\u0131rd\u0131\u011f\u0131n\u0131z anlar\u0131 tekrar yakalayabilirsiniz. Ayr\u0131ca, y\u00fcksek \u00e7\u00f6z\u00fcn\u00fcrl\u00fckl\u00fc (HD) ve ultra y\u00fcksek \u00e7\u00f6z\u00fcn\u00fcrl\u00fckl\u00fc (4K) i\u00e7eriklerle izleme kaliteniz her zaman y\u00fcksek kalacak. Her detay\u0131n net bir \u015fekilde g\u00f6r\u00fclebildi\u011fi bu m\u00fckemmel kalite ile g\u00f6rsel bir \u015f\u00f6len ya\u015fayacaks\u0131n\u0131z.<\/p>\n<p>\u0130zleme keyfinizi art\u0131rman\u0131n yan\u0131 s\u0131ra, kullan\u0131c\u0131 dostu aray\u00fcz\u00fc sayesinde 6 Ayl\u0131k iptv kullan\u0131m\u0131 olduk\u00e7a kolayd\u0131r. Basit ve anla\u015f\u0131l\u0131r men\u00fcleri ile arad\u0131\u011f\u0131n\u0131z i\u00e7eri\u011fe hemen eri\u015febilir, favori kanallar\u0131n\u0131z\u0131 rahatl\u0131kla kaydedebilir ve h\u0131zl\u0131ca ula\u015fabilirsiniz. Ayr\u0131ca, \u00e7oklu cihaz deste\u011fi sayesinde televizyonunuz, bilgisayar\u0131n\u0131z, tabletiniz veya ak\u0131ll\u0131 telefonunuz \u00fczerinden konforlu bir \u015fekilde izleyebilirsiniz. Bu \u00e7ok y\u00f6nl\u00fcl\u00fck sayesinde art\u0131k televizyon keyfiniz evinizle s\u0131n\u0131rl\u0131 kalmayacak.<\/p>\n<p>6 Ayl\u0131k iptv size sadece televizyon izleme zevki sunmaz, ayn\u0131 zamanda esnek \u00f6deme se\u00e7enekleri ve ekonomik fiyat avantaj\u0131 da sa\u011flar. Bu hizmet, kaliteli i\u00e7eri\u011fi eri\u015filebilir k\u0131larak her b\u00fct\u00e7eye uygun hale getirir. \u015eimdi 6 Ayl\u0131k iptv hizmetine sahip olun ve televizyon izleme al\u0131\u015fkanl\u0131klar\u0131n\u0131z\u0131 yeniden d\u00fczenleyin. Televizyon keyfini her yerde ve her zaman ya\u015famak i\u00e7in en ideal se\u00e7enek olacakt\u0131r.<\/p>\n","protected":false},"excerpt":{"rendered":"<ul>\n<li><strong>Full Paket \u0130\u00e7erigi,<\/strong><\/li>\n<li><strong>Online Aktivasyon,<\/strong><\/li>\n<li><strong>Kullan\u0131c\u0131 Paneli,<\/strong><\/li>\n<li><strong>Se\u00e7 izle Ar\u015fivi,<\/strong><\/li>\n<li><strong>Web Tv Eklentisi,<\/strong><\/li>\n<li><strong>EPG TV Rehberi<\/strong><\/li>\n<\/ul>\n<div class=\"woocommerce-product-details__short-description\">\n<div class=\"woocommerce-product-details__short-description\">\n<p>&nbsp;<\/p>\n<\/div>\n<\/div>\n","protected":false},"featured_media":164,"comment_status":"open","ping_status":"closed","template":"","meta":{"site-sidebar-layout":"default","site-content-layout":"","ast-site-content-layout":"default","site-content-style":"default","site-sidebar-style":"default","ast-global-header-display":"","ast-banner-title-visibility":"","ast-main-header-display":"","ast-hfb-above-header-display":"","ast-hfb-below-header-display":"","ast-hfb-mobile-header-display":"","site-post-title":"","ast-breadcrumbs-content":"","ast-featured-img":"","footer-sml-layout":"","theme-transparent-header-meta":"default","adv-header-id-meta":"","stick-header-meta":"","header-above-stick-meta":"","header-main-stick-meta":"","header-below-stick-meta":"","astra-migrate-meta-layouts":"set","_joinchat":[]},"product_cat":[25],"product_tag":[27],"class_list":["post-109","product","type-product","status-publish","has-post-thumbnail","hentry","product_cat-turkiye-iptv","product_tag-6-aylik-iptv","desktop-align-left","tablet-align-left","mobile-align-left"],"_links":{"self":[{"href":"https:\/\/www.primeiptvserver.com\/blog\/wp-json\/wp\/v2\/product\/109","targetHints":{"allow":["GET"]}}],"collection":[{"href":"https:\/\/www.primeiptvserver.com\/blog\/wp-json\/wp\/v2\/product"}],"about":[{"href":"https:\/\/www.primeiptvserver.com\/blog\/wp-json\/wp\/v2\/types\/product"}],"replies":[{"embeddable":true,"href":"https:\/\/www.primeiptvserver.com\/blog\/wp-json\/wp\/v2\/comments?post=109"}],"wp:featuredmedia":[{"embeddable":true,"href":"https:\/\/www.primeiptvserver.com\/blog\/wp-json\/wp\/v2\/media\/164"}],"wp:attachment":[{"href":"https:\/\/www.primeiptvserver.com\/blog\/wp-json\/wp\/v2\/media?parent=109"}],"wp:term":[{"taxonomy":"product_cat","embeddable":true,"href":"https:\/\/www.primeiptvserver.com\/blog\/wp-json\/wp\/v2\/product_cat?post=109"},{"taxonomy":"product_tag","embeddable":true,"href":"https:\/\/www.primeiptvserver.com\/blog\/wp-json\/wp\/v2\/product_tag?post=109"}],"curies":[{"name":"wp","href":"https:\/\/api.w.org\/{rel}","templated":true}]}}